{"id":112,"date":"2018-01-24T14:26:37","date_gmt":"2018-01-24T14:26:37","guid":{"rendered":"http:\/\/www.didacticaymatematicas.info\/SAI-content\/?page_id=112"},"modified":"2018-06-29T18:11:19","modified_gmt":"2018-06-29T18:11:19","slug":"cancion-de-martin","status":"publish","type":"page","link":"https:\/\/www.didacticaymatematicas.info\/SAI-content\/cancion-de-martin\/","title":{"rendered":"Cancion-de-martin"},"content":{"rendered":"\t\t<div data-elementor-type=\"wp-page\" data-elementor-id=\"112\" class=\"elementor elementor-112 elementor-bc-flex-widget\">\n\t\t\t\t\t\t<div class=\"elementor-inner\">\n\t\t\t\t<div class=\"elementor-section-wrap\">\n\t\t\t\t\t\t\t\t\t<section class=\"elementor-section elementor-top-section elementor-element elementor-element-29b222b0 elementor-section-boxed elementor-section-height-default elementor-section-height-default\" data-id=\"29b222b0\" data-element_type=\"section\" data-settings=\"{&quot;background_background&quot;:&quot;classic&quot;}\">\n\t\t\t\t\t\t<div class=\"elementor-container elementor-column-gap-default\">\n\t\t\t\t\t\t\t<div class=\"elementor-row\">\n\t\t\t\t\t<div class=\"elementor-column elementor-col-100 elementor-top-column elementor-element elementor-element-5eca6857\" data-id=\"5eca6857\" data-element_type=\"column\">\n\t\t\t<div class=\"elementor-column-wrap elementor-element-populated\">\n\t\t\t\t\t\t\t<div class=\"elementor-widget-wrap\">\n\t\t\t\t\t\t<div class=\"elementor-element elementor-element-1037f644 elementor-widget elementor-widget-menu-anchor\" data-id=\"1037f644\" data-element_type=\"widget\" data-widget_type=\"menu-anchor.default\">\n\t\t\t\t<div class=\"elementor-widget-container\">\n\t\t\t\t\t<div id=\"inicio\" class=\"elementor-menu-anchor\"><\/div>\n\t\t\t\t<\/div>\n\t\t\t\t<\/div>\n\t\t\t\t<div class=\"elementor-element elementor-element-21a022f elementor-widget elementor-widget-spacer\" data-id=\"21a022f\" data-element_type=\"widget\" data-widget_type=\"spacer.default\">\n\t\t\t\t<div class=\"elementor-widget-container\">\n\t\t\t\t\t<div class=\"elementor-spacer\">\n\t\t\t<div class=\"elementor-spacer-inner\"><\/div>\n\t\t<\/div>\n\t\t\t\t<\/div>\n\t\t\t\t<\/div>\n\t\t\t\t<section class=\"elementor-section elementor-inner-section elementor-element elementor-element-f8f7ae6 elementor-section-boxed elementor-section-height-default elementor-section-height-default\" data-id=\"f8f7ae6\" data-element_type=\"section\">\n\t\t\t\t\t\t<div class=\"elementor-container elementor-column-gap-default\">\n\t\t\t\t\t\t\t<div class=\"elementor-row\">\n\t\t\t\t\t<div class=\"elementor-column elementor-col-50 elementor-inner-column elementor-element elementor-element-3a42e8a5\" data-id=\"3a42e8a5\" data-element_type=\"column\">\n\t\t\t<div class=\"elementor-column-wrap elementor-element-populated\">\n\t\t\t\t\t\t\t<div class=\"elementor-widget-wrap\">\n\t\t\t\t\t\t<div class=\"elementor-element elementor-element-a235fae elementor-widget elementor-widget-html\" data-id=\"a235fae\" data-element_type=\"widget\" data-widget_type=\"html.default\">\n\t\t\t\t<div class=\"elementor-widget-container\">\n\t\t\t<a href=\"javascript:history.back()\" style=\"color:#D6AE01; font-size:15px;\" ><b>Volver a men\u00fa canciones<\/b><\/a>\t\t<\/div>\n\t\t\t\t<\/div>\n\t\t\t\t\t\t<\/div>\n\t\t\t\t\t<\/div>\n\t\t<\/div>\n\t\t\t\t<div class=\"elementor-column elementor-col-50 elementor-inner-column elementor-element elementor-element-22ac4579\" data-id=\"22ac4579\" data-element_type=\"column\">\n\t\t\t<div class=\"elementor-column-wrap\">\n\t\t\t\t\t\t\t<div class=\"elementor-widget-wrap\">\n\t\t\t\t\t\t\t\t<\/div>\n\t\t\t\t\t<\/div>\n\t\t<\/div>\n\t\t\t\t\t\t\t\t<\/div>\n\t\t\t\t\t<\/div>\n\t\t<\/section>\n\t\t\t\t<div class=\"elementor-element elementor-element-397c6c85 elementor-widget elementor-widget-spacer\" data-id=\"397c6c85\" data-element_type=\"widget\" data-widget_type=\"spacer.default\">\n\t\t\t\t<div class=\"elementor-widget-container\">\n\t\t\t\t\t<div class=\"elementor-spacer\">\n\t\t\t<div class=\"elementor-spacer-inner\"><\/div>\n\t\t<\/div>\n\t\t\t\t<\/div>\n\t\t\t\t<\/div>\n\t\t\t\t<div class=\"elementor-element elementor-element-1c66e42f elementor-widget elementor-widget-heading\" data-id=\"1c66e42f\" data-element_type=\"widget\" data-widget_type=\"heading.default\">\n\t\t\t\t<div class=\"elementor-widget-container\">\n\t\t\t<h2 class=\"elementor-heading-title elementor-size-default\">! La canci\u00f3n de Mart\u00edn \u00a1<\/h2>\t\t<\/div>\n\t\t\t\t<\/div>\n\t\t\t\t<section class=\"elementor-section elementor-inner-section elementor-element elementor-element-120a7a53 elementor-section-boxed elementor-section-height-default elementor-section-height-default\" data-id=\"120a7a53\" data-element_type=\"section\">\n\t\t\t\t\t\t<div class=\"elementor-container elementor-column-gap-default\">\n\t\t\t\t\t\t\t<div class=\"elementor-row\">\n\t\t\t\t\t<div class=\"elementor-column elementor-col-100 elementor-inner-column elementor-element elementor-element-46fa739e\" data-id=\"46fa739e\" data-element_type=\"column\">\n\t\t\t<div class=\"elementor-column-wrap elementor-element-populated\">\n\t\t\t\t\t\t\t<div class=\"elementor-widget-wrap\">\n\t\t\t\t\t\t<div class=\"elementor-element elementor-element-4f0fbc84 elementor-widget elementor-widget-image\" data-id=\"4f0fbc84\" data-element_type=\"widget\" data-widget_type=\"image.default\">\n\t\t\t\t<div class=\"elementor-widget-container\">\n\t\t\t\t\t\t\t\t<div class=\"elementor-image\">\n\t\t\t\t\t\t\t\t\t\t\t\t<img decoding=\"async\" width=\"258\" height=\"300\" src=\"https:\/\/www.didacticaymatematicas.info\/SAI-content\/wp-content\/uploads\/2018\/01\/elbotondemartin-258x300.png\" class=\"attachment-medium size-medium wp-image-216\" alt=\"\" loading=\"lazy\" srcset=\"https:\/\/www.didacticaymatematicas.info\/SAI-content\/wp-content\/uploads\/2018\/01\/elbotondemartin-258x300.png 258w, https:\/\/www.didacticaymatematicas.info\/SAI-content\/wp-content\/uploads\/2018\/01\/elbotondemartin.png 306w\" sizes=\"(max-width: 258px) 100vw, 258px\" \/>\t\t\t\t\t\t\t\t\t\t\t\t\t\t<\/div>\n\t\t\t\t\t\t<\/div>\n\t\t\t\t<\/div>\n\t\t\t\t\t\t<\/div>\n\t\t\t\t\t<\/div>\n\t\t<\/div>\n\t\t\t\t\t\t\t\t<\/div>\n\t\t\t\t\t<\/div>\n\t\t<\/section>\n\t\t\t\t<div class=\"elementor-element elementor-element-3d47b703 elementor-widget elementor-widget-spacer\" data-id=\"3d47b703\" data-element_type=\"widget\" data-widget_type=\"spacer.default\">\n\t\t\t\t<div class=\"elementor-widget-container\">\n\t\t\t\t\t<div class=\"elementor-spacer\">\n\t\t\t<div class=\"elementor-spacer-inner\"><\/div>\n\t\t<\/div>\n\t\t\t\t<\/div>\n\t\t\t\t<\/div>\n\t\t\t\t\t\t<\/div>\n\t\t\t\t\t<\/div>\n\t\t<\/div>\n\t\t\t\t\t\t\t\t<\/div>\n\t\t\t\t\t<\/div>\n\t\t<\/section>\n\t\t\t\t<section class=\"elementor-section elementor-top-section elementor-element elementor-element-3477b2b0 elementor-section-boxed elementor-section-height-default elementor-section-height-default\" data-id=\"3477b2b0\" data-element_type=\"section\" data-settings=\"{&quot;background_background&quot;:&quot;classic&quot;}\">\n\t\t\t\t\t\t<div class=\"elementor-container elementor-column-gap-default\">\n\t\t\t\t\t\t\t<div class=\"elementor-row\">\n\t\t\t\t\t<div class=\"elementor-column elementor-col-100 elementor-top-column elementor-element elementor-element-74ea8113\" data-id=\"74ea8113\" data-element_type=\"column\">\n\t\t\t<div class=\"elementor-column-wrap elementor-element-populated\">\n\t\t\t\t\t\t\t<div class=\"elementor-widget-wrap\">\n\t\t\t\t\t\t<div class=\"elementor-element elementor-element-54a8455c elementor-widget elementor-widget-text-editor\" data-id=\"54a8455c\" data-element_type=\"widget\" data-widget_type=\"text-editor.default\">\n\t\t\t\t<div class=\"elementor-widget-container\">\n\t\t\t\t\t\t\t\t<div class=\"elementor-text-editor elementor-clearfix\">\n\t\t\t\t<p style=\"text-align: center;\"><span style=\"color: #003366;\">Debajo de un bot\u00f3n, ton, ton<\/span><\/p><p style=\"text-align: center;\"><span style=\"color: #003366;\">Que encontr\u00f3 Mart\u00edn, t\u00edn, t\u00edn<\/span><\/p><p style=\"text-align: center;\"><span style=\"color: #003366;\">hab\u00eda un rat\u00f3n, ton, ton<\/span><\/p><p style=\"text-align: center;\"><span style=\"color: #003366;\">ay que chiquit\u00edn, tin, tin<\/span><\/p><p style=\"text-align: center;\"><span style=\"color: #003366;\">ay que chiquit\u00edn, tin, tin<\/span><\/p><p style=\"text-align: center;\"><span style=\"color: #003366;\">era aquel rat\u00f3n, ton, ton<\/span><\/p><p style=\"text-align: center;\"><span style=\"color: #003366;\">que encontr\u00f3 Mart\u00edn, tin, tin<\/span><\/p><p style=\"text-align: center;\"><span style=\"color: #003366;\">debajo de un bot\u00f3n, ton, ton.<\/span><\/p>\t\t\t\t\t<\/div>\n\t\t\t\t\t\t<\/div>\n\t\t\t\t<\/div>\n\t\t\t\t\t\t<\/div>\n\t\t\t\t\t<\/div>\n\t\t<\/div>\n\t\t\t\t\t\t\t\t<\/div>\n\t\t\t\t\t<\/div>\n\t\t<\/section>\n\t\t\t\t<section class=\"elementor-section elementor-top-section elementor-element elementor-element-534af5d7 elementor-section-boxed elementor-section-height-default elementor-section-height-default\" data-id=\"534af5d7\" data-element_type=\"section\" data-settings=\"{&quot;background_background&quot;:&quot;classic&quot;}\">\n\t\t\t\t\t\t<div class=\"elementor-container elementor-column-gap-default\">\n\t\t\t\t\t\t\t<div class=\"elementor-row\">\n\t\t\t\t\t<div class=\"elementor-column elementor-col-100 elementor-top-column elementor-element elementor-element-3564f48c\" data-id=\"3564f48c\" data-element_type=\"column\">\n\t\t\t<div class=\"elementor-column-wrap elementor-element-populated\">\n\t\t\t\t\t\t\t<div class=\"elementor-widget-wrap\">\n\t\t\t\t\t\t<div class=\"elementor-element elementor-element-2aaf981a elementor-widget elementor-widget-text-editor\" data-id=\"2aaf981a\" data-element_type=\"widget\" data-widget_type=\"text-editor.default\">\n\t\t\t\t<div class=\"elementor-widget-container\">\n\t\t\t\t\t\t\t\t<div class=\"elementor-text-editor elementor-clearfix\">\n\t\t\t\t<p style=\"text-align: right;\">Fuente:\u00a0https:\/\/www.musica.com\/<\/p><p style=\"text-align: right;\">Autor: An\u00f3nimo<\/p>\t\t\t\t\t<\/div>\n\t\t\t\t\t\t<\/div>\n\t\t\t\t<\/div>\n\t\t\t\t<div class=\"elementor-element elementor-element-3ff08cac elementor-align-right elementor-widget elementor-widget-button\" data-id=\"3ff08cac\" data-element_type=\"widget\" data-widget_type=\"button.default\">\n\t\t\t\t<div class=\"elementor-widget-container\">\n\t\t\t\t\t<div class=\"elementor-button-wrapper\">\n\t\t\t<a href=\"#inicio\" class=\"elementor-button-link elementor-button elementor-size-md\" role=\"button\">\n\t\t\t\t\t\t<span class=\"elementor-button-content-wrapper\">\n\t\t\t\t\t\t\t<span class=\"elementor-button-icon elementor-align-icon-left\">\n\t\t\t\t\t\t\t\t\t<i class=\"fa fa-arrow-circle-up\" aria-hidden=\"true\"><\/i>\n\t\t\t\t\t\t\t<\/span>\n\t\t\t\t\t\t<span class=\"elementor-button-text\"><\/span>\n\t\t<\/span>\n\t\t\t\t\t<\/a>\n\t\t<\/div>\n\t\t\t\t<\/div>\n\t\t\t\t<\/div>\n\t\t\t\t\t\t<\/div>\n\t\t\t\t\t<\/div>\n\t\t<\/div>\n\t\t\t\t\t\t\t\t<\/div>\n\t\t\t\t\t<\/div>\n\t\t<\/section>\n\t\t\t\t<section class=\"elementor-section elementor-top-section elementor-element elementor-element-59d91cb2 elementor-section-boxed elementor-section-height-default elementor-section-height-default\" data-id=\"59d91cb2\" data-element_type=\"section\" data-settings=\"{&quot;background_background&quot;:&quot;classic&quot;}\">\n\t\t\t\t\t\t<div class=\"elementor-container elementor-column-gap-default\">\n\t\t\t\t\t\t\t<div class=\"elementor-row\">\n\t\t\t\t\t<div class=\"elementor-column elementor-col-100 elementor-top-column elementor-element elementor-element-252a5ed2\" data-id=\"252a5ed2\" data-element_type=\"column\">\n\t\t\t<div class=\"elementor-column-wrap elementor-element-populated\">\n\t\t\t\t\t\t\t<div class=\"elementor-widget-wrap\">\n\t\t\t\t\t\t<div class=\"elementor-element elementor-element-4b4b03e0 elementor-widget elementor-widget-spacer\" data-id=\"4b4b03e0\" data-element_type=\"widget\" data-widget_type=\"spacer.default\">\n\t\t\t\t<div class=\"elementor-widget-container\">\n\t\t\t\t\t<div class=\"elementor-spacer\">\n\t\t\t<div class=\"elementor-spacer-inner\"><\/div>\n\t\t<\/div>\n\t\t\t\t<\/div>\n\t\t\t\t<\/div>\n\t\t\t\t\t\t<\/div>\n\t\t\t\t\t<\/div>\n\t\t<\/div>\n\t\t\t\t\t\t\t\t<\/div>\n\t\t\t\t\t<\/div>\n\t\t<\/section>\n\t\t\t\t\t\t\t\t\t<\/div>\n\t\t\t<\/div>\n\t\t\t\t\t<\/div>\n\t\t","protected":false},"excerpt":{"rendered":"<p>Volver a men\u00fa canciones ! La canci\u00f3n de Mart\u00edn \u00a1 Debajo de un bot\u00f3n, ton, ton Que encontr\u00f3 Mart\u00edn, t\u00edn, t\u00edn hab\u00eda un rat\u00f3n, ton, ton ay que chiquit\u00edn, tin, tin ay que chiquit\u00edn, tin, tin era aquel rat\u00f3n, ton, ton que encontr\u00f3 Mart\u00edn, tin, tin debajo de un bot\u00f3n, [&hellip;]<\/p>\n","protected":false},"author":1,"featured_media":0,"parent":0,"menu_order":0,"comment_status":"closed","ping_status":"closed","template":"elementor_canvas","meta":[],"_links":{"self":[{"href":"https:\/\/www.didacticaymatematicas.info\/SAI-content\/wp-json\/wp\/v2\/pages\/112"}],"collection":[{"href":"https:\/\/www.didacticaymatematicas.info\/SAI-content\/wp-json\/wp\/v2\/pages"}],"about":[{"href":"https:\/\/www.didacticaymatematicas.info\/SAI-content\/wp-json\/wp\/v2\/types\/page"}],"author":[{"embeddable":true,"href":"https:\/\/www.didacticaymatematicas.info\/SAI-content\/wp-json\/wp\/v2\/users\/1"}],"replies":[{"embeddable":true,"href":"https:\/\/www.didacticaymatematicas.info\/SAI-content\/wp-json\/wp\/v2\/comments?post=112"}],"version-history":[{"count":8,"href":"https:\/\/www.didacticaymatematicas.info\/SAI-content\/wp-json\/wp\/v2\/pages\/112\/revisions"}],"predecessor-version":[{"id":1651,"href":"https:\/\/www.didacticaymatematicas.info\/SAI-content\/wp-json\/wp\/v2\/pages\/112\/revisions\/1651"}],"wp:attachment":[{"href":"https:\/\/www.didacticaymatematicas.info\/SAI-content\/wp-json\/wp\/v2\/media?parent=112"}],"curies":[{"name":"wp","href":"https:\/\/api.w.org\/{rel}","templated":true}]}}