{"id":59,"date":"2018-01-23T20:58:56","date_gmt":"2018-01-23T20:58:56","guid":{"rendered":"http:\/\/www.didacticaymatematicas.info\/SAI-content\/?page_id=59"},"modified":"2018-06-29T16:46:39","modified_gmt":"2018-06-29T16:46:39","slug":"la-cenicienta","status":"publish","type":"page","link":"https:\/\/www.didacticaymatematicas.info\/SAI-content\/la-cenicienta\/","title":{"rendered":"Cuento-La-Cenicienta"},"content":{"rendered":"\t\t<div data-elementor-type=\"wp-page\" data-elementor-id=\"59\" class=\"elementor elementor-59 elementor-bc-flex-widget\">\n\t\t\t\t\t\t<div class=\"elementor-inner\">\n\t\t\t\t<div class=\"elementor-section-wrap\">\n\t\t\t\t\t\t\t\t\t<section class=\"elementor-section elementor-top-section elementor-element elementor-element-1e44f1f6 elementor-section-boxed elementor-section-height-default elementor-section-height-default\" data-id=\"1e44f1f6\" data-element_type=\"section\" data-settings=\"{&quot;background_background&quot;:&quot;classic&quot;}\">\n\t\t\t\t\t\t<div class=\"elementor-container elementor-column-gap-default\">\n\t\t\t\t\t\t\t<div class=\"elementor-row\">\n\t\t\t\t\t<div class=\"elementor-column elementor-col-100 elementor-top-column elementor-element elementor-element-5c8b62e7\" data-id=\"5c8b62e7\" data-element_type=\"column\">\n\t\t\t<div class=\"elementor-column-wrap elementor-element-populated\">\n\t\t\t\t\t\t\t<div class=\"elementor-widget-wrap\">\n\t\t\t\t\t\t<div class=\"elementor-element elementor-element-1b128d76 elementor-widget elementor-widget-menu-anchor\" data-id=\"1b128d76\" data-element_type=\"widget\" data-widget_type=\"menu-anchor.default\">\n\t\t\t\t<div class=\"elementor-widget-container\">\n\t\t\t\t\t<div id=\"inicio\" class=\"elementor-menu-anchor\"><\/div>\n\t\t\t\t<\/div>\n\t\t\t\t<\/div>\n\t\t\t\t<div class=\"elementor-element elementor-element-75c1d19b elementor-widget elementor-widget-spacer\" data-id=\"75c1d19b\" data-element_type=\"widget\" data-widget_type=\"spacer.default\">\n\t\t\t\t<div class=\"elementor-widget-container\">\n\t\t\t\t\t<div class=\"elementor-spacer\">\n\t\t\t<div class=\"elementor-spacer-inner\"><\/div>\n\t\t<\/div>\n\t\t\t\t<\/div>\n\t\t\t\t<\/div>\n\t\t\t\t<section class=\"elementor-section elementor-inner-section elementor-element elementor-element-733d02dc elementor-section-boxed elementor-section-height-default elementor-section-height-default\" data-id=\"733d02dc\" data-element_type=\"section\">\n\t\t\t\t\t\t<div class=\"elementor-container elementor-column-gap-default\">\n\t\t\t\t\t\t\t<div class=\"elementor-row\">\n\t\t\t\t\t<div class=\"elementor-column elementor-col-50 elementor-inner-column elementor-element elementor-element-809c1ef\" data-id=\"809c1ef\" data-element_type=\"column\">\n\t\t\t<div class=\"elementor-column-wrap\">\n\t\t\t\t\t\t\t<div class=\"elementor-widget-wrap\">\n\t\t\t\t\t\t\t\t<\/div>\n\t\t\t\t\t<\/div>\n\t\t<\/div>\n\t\t\t\t<div class=\"elementor-column elementor-col-50 elementor-inner-column elementor-element elementor-element-204a29c\" data-id=\"204a29c\" data-element_type=\"column\">\n\t\t\t<div class=\"elementor-column-wrap elementor-element-populated\">\n\t\t\t\t\t\t\t<div class=\"elementor-widget-wrap\">\n\t\t\t\t\t\t<div class=\"elementor-element elementor-element-32d135e elementor-widget elementor-widget-html\" data-id=\"32d135e\" data-element_type=\"widget\" data-widget_type=\"html.default\">\n\t\t\t\t<div class=\"elementor-widget-container\">\n\t\t\t<a href=\"javascript:history.back()\" style=\"color:#FFFF; font-size:15px;\" ><b>Volver<\/b><\/a>\t\t<\/div>\n\t\t\t\t<\/div>\n\t\t\t\t\t\t<\/div>\n\t\t\t\t\t<\/div>\n\t\t<\/div>\n\t\t\t\t\t\t\t\t<\/div>\n\t\t\t\t\t<\/div>\n\t\t<\/section>\n\t\t\t\t<div class=\"elementor-element elementor-element-253b9beb elementor-widget elementor-widget-spacer\" data-id=\"253b9beb\" data-element_type=\"widget\" data-widget_type=\"spacer.default\">\n\t\t\t\t<div class=\"elementor-widget-container\">\n\t\t\t\t\t<div class=\"elementor-spacer\">\n\t\t\t<div class=\"elementor-spacer-inner\"><\/div>\n\t\t<\/div>\n\t\t\t\t<\/div>\n\t\t\t\t<\/div>\n\t\t\t\t<div class=\"elementor-element elementor-element-4715d8ec elementor-widget elementor-widget-heading\" data-id=\"4715d8ec\" data-element_type=\"widget\" data-widget_type=\"heading.default\">\n\t\t\t\t<div class=\"elementor-widget-container\">\n\t\t\t<h2 class=\"elementor-heading-title elementor-size-default\">La Cenicienta<\/h2>\t\t<\/div>\n\t\t\t\t<\/div>\n\t\t\t\t<div class=\"elementor-element elementor-element-aa1237e elementor-widget elementor-widget-text-editor\" data-id=\"aa1237e\" data-element_type=\"widget\" data-widget_type=\"text-editor.default\">\n\t\t\t\t<div class=\"elementor-widget-container\">\n\t\t\t\t\t\t\t\t<div class=\"elementor-text-editor elementor-clearfix\">\n\t\t\t\t<p style=\"text-align: center;\"><span style=\"color: #ffffff;\">Adaptaci\u00f3n del cuento de Charles Perrault<\/span><\/p>\t\t\t\t\t<\/div>\n\t\t\t\t\t\t<\/div>\n\t\t\t\t<\/div>\n\t\t\t\t<section class=\"elementor-section elementor-inner-section elementor-element elementor-element-782c0662 elementor-section-boxed elementor-section-height-default elementor-section-height-default\" data-id=\"782c0662\" data-element_type=\"section\">\n\t\t\t\t\t\t<div class=\"elementor-container elementor-column-gap-default\">\n\t\t\t\t\t\t\t<div class=\"elementor-row\">\n\t\t\t\t\t<div class=\"elementor-column elementor-col-100 elementor-inner-column elementor-element elementor-element-22a127c4\" data-id=\"22a127c4\" data-element_type=\"column\">\n\t\t\t<div class=\"elementor-column-wrap elementor-element-populated\">\n\t\t\t\t\t\t\t<div class=\"elementor-widget-wrap\">\n\t\t\t\t\t\t<div class=\"elementor-element elementor-element-65bb5318 elementor-widget elementor-widget-image\" data-id=\"65bb5318\" data-element_type=\"widget\" data-widget_type=\"image.default\">\n\t\t\t\t<div class=\"elementor-widget-container\">\n\t\t\t\t\t\t\t\t<div class=\"elementor-image\">\n\t\t\t\t\t\t\t\t\t\t\t\t<img decoding=\"async\" width=\"181\" height=\"300\" src=\"https:\/\/www.didacticaymatematicas.info\/SAI-content\/wp-content\/uploads\/2018\/01\/lacenicienta-181x300.png\" class=\"attachment-medium size-medium wp-image-229\" alt=\"\" loading=\"lazy\" srcset=\"https:\/\/www.didacticaymatematicas.info\/SAI-content\/wp-content\/uploads\/2018\/01\/lacenicienta-181x300.png 181w, https:\/\/www.didacticaymatematicas.info\/SAI-content\/wp-content\/uploads\/2018\/01\/lacenicienta.png 299w\" sizes=\"(max-width: 181px) 100vw, 181px\" \/>\t\t\t\t\t\t\t\t\t\t\t\t\t\t<\/div>\n\t\t\t\t\t\t<\/div>\n\t\t\t\t<\/div>\n\t\t\t\t\t\t<\/div>\n\t\t\t\t\t<\/div>\n\t\t<\/div>\n\t\t\t\t\t\t\t\t<\/div>\n\t\t\t\t\t<\/div>\n\t\t<\/section>\n\t\t\t\t<div class=\"elementor-element elementor-element-2dc6c015 elementor-widget elementor-widget-spacer\" data-id=\"2dc6c015\" data-element_type=\"widget\" data-widget_type=\"spacer.default\">\n\t\t\t\t<div class=\"elementor-widget-container\">\n\t\t\t\t\t<div class=\"elementor-spacer\">\n\t\t\t<div class=\"elementor-spacer-inner\"><\/div>\n\t\t<\/div>\n\t\t\t\t<\/div>\n\t\t\t\t<\/div>\n\t\t\t\t\t\t<\/div>\n\t\t\t\t\t<\/div>\n\t\t<\/div>\n\t\t\t\t\t\t\t\t<\/div>\n\t\t\t\t\t<\/div>\n\t\t<\/section>\n\t\t\t\t<section class=\"elementor-section elementor-top-section elementor-element elementor-element-46c0d70c elementor-section-boxed elementor-section-height-default elementor-section-height-default\" data-id=\"46c0d70c\" data-element_type=\"section\" data-settings=\"{&quot;background_background&quot;:&quot;classic&quot;}\">\n\t\t\t\t\t\t<div class=\"elementor-container elementor-column-gap-default\">\n\t\t\t\t\t\t\t<div class=\"elementor-row\">\n\t\t\t\t\t<div class=\"elementor-column elementor-col-100 elementor-top-column elementor-element elementor-element-76af0f9e\" data-id=\"76af0f9e\" data-element_type=\"column\">\n\t\t\t<div class=\"elementor-column-wrap elementor-element-populated\">\n\t\t\t\t\t\t\t<div class=\"elementor-widget-wrap\">\n\t\t\t\t\t\t<div class=\"elementor-element elementor-element-1f987f84 elementor-widget elementor-widget-text-editor\" data-id=\"1f987f84\" data-element_type=\"widget\" data-widget_type=\"text-editor.default\">\n\t\t\t\t<div class=\"elementor-widget-container\">\n\t\t\t\t\t\t\t\t<div class=\"elementor-text-editor elementor-clearfix\">\n\t\t\t\t<p>Hace muchos a\u00f1os, en un lejano pa\u00eds, hab\u00eda una preciosa muchacha de ojos verdes y rubia melena. Adem\u00e1s de bella, era una joven tierna que trataba a todo el mundo con amabilidad y siempre ten\u00eda una sonrisa en los labios.<\/p><p>Viv\u00eda con su madrastra, una mujer d\u00e9spota y mandona que ten\u00eda dos hijas tan engre\u00eddas como insoportables. Feas y desgarbadas, despreciaban a la dulce muchachita porque no soportaban que fuera m\u00e1s hermosa que ellas.<\/p><p>La trataban como a una criada. Mientras las se\u00f1oronas dorm\u00edan en c\u00f3modas camas con dosel, ella lo hac\u00eda en una humilde buhardilla. Tampoco com\u00eda los mismos manjares y ten\u00eda que conformarse con las sobras. Por si fuera poco, deb\u00eda realizar el trabajo m\u00e1s duro del hogar: lavar los platos, hacer la colada, fregar los suelos y limpiar la chimenea. La pobrecilla siempre estaba sucia y llena de ceniza, as\u00ed que todos la llamaban Cenicienta.<\/p><p>Un d\u00eda, lleg\u00f3 a la casa una carta proveniente de palacio. En ella se dec\u00eda que Alberto, el hijo del rey, iba a celebrar esa noche una fiesta de gala a la que estaban invitadas todas las mujeres casaderas del reino. El pr\u00edncipe buscaba esposa y esperaba conocerla en baile.<\/p><p>\u00a1Las hermanastras de Cenicienta se volvieron locas de contento! Se precipitaron a sus habitaciones para elegir pomposos vestidos y las joyas m\u00e1s estrafalarias que ten\u00edan para poder impresionarle. Las dos suspiraban por el guapo heredero y se pusieron a discutir acaloradamente sobre quien de ellas ser\u00eda la afortunada.<\/p><p>\u2013 \u00a1Est\u00e1 claro que me elegir\u00e1 a m\u00ed! Soy m\u00e1s esbelta e inteligente. Adem\u00e1s\u2026 \u00a1Mira qu\u00e9 bien me sienta este vestido! \u2013 dijo la mayor dejando ver sus dientes de conejo mientras se apretaba las cintas del cors\u00e9 tan fuerte que casi no pod\u00eda respirar.<\/p><p>\u2013 \u00a1Ni lo sue\u00f1es! \u00a1T\u00fa no eres tan simp\u00e1tica como yo! Adem\u00e1s, s\u00e9 de buena tinta que al pr\u00edncipe le gustan las mujeres de ojos grandes y mirada penetrante \u2013 contest\u00f3 la menor de las hermanas mientras se pintaba los ojos, saltones como los de un sapo.<\/p><p>Cenicienta las miraba medio escondida y so\u00f1aba con acudir a ese maravilloso baile. Como un sabueso, la madrastra apareci\u00f3 entre las sombras y le dej\u00f3 claro que s\u00f3lo era para se\u00f1oritas distinguidas.<\/p><p>\u2013 \u00a1Ni se te ocurra aparecer por all\u00ed, Cenicienta! Con esos andrajos no puedes presentarte en palacio. T\u00fa ded\u00edcate a barrer y fregar, que es para lo que sirves.<\/p><p>La pobre Cenicienta subi\u00f3 al cuartucho donde dorm\u00eda y llor\u00f3 amargamente. A trav\u00e9s de la ventana vio salir a las tres mujeres emperifolladas para dirigirse a la gran fiesta, mientras ella se quedaba sola con el coraz\u00f3n roto.<\/p><p>\u2013 \u00a1Qu\u00e9 desdichada soy! \u00bfPor qu\u00e9 me tratan tan mal? \u2013 repet\u00eda sin consuelo.<\/p><p>De repente, la estancia se ilumin\u00f3. A trav\u00e9s de las l\u00e1grimas vio a una mujer de mediana edad y cara de bonachona que empez\u00f3 a hablarle con voz aterciopelada.<\/p><p>\u2013 Querida\u2026 \u00bfPor qu\u00e9 lloras? T\u00fa no mereces estar triste.<\/p><p>\u2013 \u00a1Soy muy desgraciada! Mi madrastra no me ha permitido ir al baile de palacio. No s\u00e9 por qu\u00e9 se portan tan mal conmigo. Pero\u2026 \u00bfqui\u00e9n eres?<\/p><p>\u2013 Soy tu hada madrina y vengo a ayudarte, mi ni\u00f1a. Si hay alguien que tiene que asistir a ese baile, eres t\u00fa. Ahora, conf\u00eda en m\u00ed. Acomp\u00e1\u00f1ame al jard\u00edn.<\/p><p>Salieron de la casa y el hada madrina cogi\u00f3 una calabaza que hab\u00eda tirada sobre la hierba. La toc\u00f3 con su varita y por arte de magia se transform\u00f3 en una lujosa carroza de ruedas doradas, tirada por dos esbeltos caballos blancos. Despu\u00e9s, roz\u00f3 con la varita a un rat\u00f3n que correteaba entre sus pies y lo convirti\u00f3 en un flaco y servicial cochero.<\/p><p>\u2013 \u00bfQu\u00e9 te parece, Cenicienta?\u2026 \u00a1Ya tienes quien te lleve al baile!<\/p><p>\u2013 \u00a1Oh, qu\u00e9 maravilla, madrina! \u2013 exclam\u00f3 la joven- Pero con estos harapos no puedo presentarme en un lugar tan elegante.<\/p><p>Cenicienta estaba a punto de llorar otra vez viendo lo rotas que estaban sus zapatillas y los trapos que ten\u00eda por vestido.<\/p><p>\u2013 \u00a1Uy, no te preocupes, cari\u00f1o! Lo tengo todo previsto.<\/p><p>Con otro toque m\u00e1gico transform\u00f3 su desastrosa ropa en un precioso vestido de gala. Sus desgastadas zapatillas se convirtieron en unos delicados y hermosos zapatitos de cristal. Su melena qued\u00f3 recogida en un lindo mo\u00f1o adornado con una diadema de brillantes que dejaba al descubierto su largo cuello \u00a1Estaba radiante! Cenicienta se qued\u00f3 maravillada y empez\u00f3 a dar vueltas de felicidad.<\/p><p>\u2013 \u00a1Oh, qu\u00e9 preciosidad de vestido! \u00a1Y el collar, los zapatos y los pendientes\u2026! \u00a1Dime que esto no es un sue\u00f1o!<\/p><p>\u2013 Claro que no, mi ni\u00f1a. Hoy ser\u00e1 tu gran noche. Ve al baile y disfruta mucho, pero recuerda que tienes que regresar antes de que las campanadas del reloj den las doce, porque a esa hora se romper\u00e1 el hechizo y todo volver\u00e1 a ser como antes \u00a1Y ahora date prisa que se hace tarde!<\/p><p>\u2013 \u00a1Gracias, muchas gracias, hada madrina! \u00a1Gracias!<\/p><p>Cenicienta prometi\u00f3 estar de vuelta antes de medianoche y parti\u00f3 hacia palacio. Cuando entr\u00f3 en el sal\u00f3n donde estaban los invitados, todos se apartaron para dejarla pasar, pues nunca hab\u00edan visto una dama tan bella y refinada. El pr\u00edncipe acudi\u00f3 a besarle la mano y se qued\u00f3 prendado inmediatamente. Desde ese momento, no tuvo ojos para ninguna otra mujer.<\/p><p>Su madrastra y sus hermanas no la reconocieron, pues estaban acostumbradas a verla siempre harapienta y cubierta de ceniza. Cenicienta bail\u00f3 y bail\u00f3 con el apuesto pr\u00edncipe toda la noche. Estaba tan embelesada que le pill\u00f3 por sorpresa el sonido de la primera campanada del reloj de la torre marcando las doce.<\/p><p>\u2013 \u00a1He de irme! \u2013 susurr\u00f3 al pr\u00edncipe mientras echaba a correr hacia la carroza que le esperaba en la puerta.<\/p><p>\u2013 \u00a1Espera!\u2026 \u00a1Me gustar\u00eda volver a verte! \u2013 grit\u00f3 Alberto.<\/p><p>Pero Cenicienta ya se hab\u00eda alejado cuando son\u00f3 la \u00faltima campanada. En su escapada, perdi\u00f3 uno de los zapatitos de cristal y el pr\u00edncipe lo recogi\u00f3 con cuidado. Despu\u00e9s regres\u00f3 al sal\u00f3n, dio por finalizado el baile y se pas\u00f3 toda la noche suspirando de amor.<\/p><p>Al d\u00eda siguiente, se levant\u00f3 decidido a encontrar a la misteriosa muchacha de la que se hab\u00eda enamorado, pero no sab\u00eda ni siquiera c\u00f3mo se llamaba. Llam\u00f3 a un sirviente y le dio una orden muy clara:<\/p><p>\u2013 Quiero que recorras el reino y busques a la mujer que ayer perdi\u00f3 este zapato \u00a1Ella ser\u00e1 la futura princesa, con ella me casar\u00e9!<\/p><p>El hombre obedeci\u00f3 sin rechistar y fue casa por casa buscando a la due\u00f1a del delicado zapatito de cristal. Muchas j\u00f3venes que pretend\u00edan al pr\u00edncipe intentaron que su pie se ajustara a \u00e9l, pero no hubo manera \u00a1A ninguna le serv\u00eda!<\/p><p>Por fin, se present\u00f3 en el hogar de Cenicienta. Las dos hermanas bajaron cacareando como gallinas y le invitaron a pasar. Evidentemente, pusieron todo su empe\u00f1o en calzarse el zapato, pero sus enormes y gordos pies no entraron en \u00e9l ni de lejos. Cuando el sirviente ya se iba, Cenicienta apareci\u00f3 en el recibidor.<\/p><p>\u2013 \u00bfPuedo prob\u00e1rmelo yo, se\u00f1or?<\/p><p>Las hermanas, al verla, soltaron unas risotadas que m\u00e1s bien parec\u00edan rebuznos.<\/p><p>\u2013 \u00a1Qu\u00e9 desfachatez! \u2013 grit\u00f3 la hermanastra mayor.<\/p><p>\u2013 \u00bfPara qu\u00e9? \u00a1Si t\u00fa no fuiste al baile! \u2013 dijo la peque\u00f1a entre risitas.<\/p><p>Pero el lacayo ten\u00eda la orden de prob\u00e1rselo a todas, absolutamente todas, las mujeres del reino. Se arrodill\u00f3 frente a Cenicienta y con una sonrisa, comprob\u00f3 c\u00f3mo el fino pie de la muchacha se deslizaba dentro de \u00e9l con suavidad y encajaba como un guante.<\/p><p>\u00a1La cara de la madre y las hijas era un poema! Se quedaron patidifusas y con una expresi\u00f3n tan bobalicona en la cara que parec\u00edan a punto de desmayarse. No pod\u00edan creer que Cenicienta fuera la preciosa mujer que hab\u00eda enamorado al pr\u00edncipe heredero.<\/p><p>\u2013 Se\u00f1ora \u2013 dijo el sirviente mirando a Cenicienta con alegr\u00eda \u2013 el pr\u00edncipe Alberto la espera. Venga conmigo, si es tan amable.<\/p><p>Con humildad, como siempre, Cenicienta se puso un sencillo abrigo de lana y parti\u00f3 hacia el palacio para reunirse con su amado. \u00c9l la esperaba en la escalinata y fue corriendo a abrazarla. Poco despu\u00e9s celebraron la boda m\u00e1s bella que se recuerda y fueron muy felices toda la vida. Cenicienta se convirti\u00f3 en una princesa muy querida y respetada por su pueblo.<\/p>\t\t\t\t\t<\/div>\n\t\t\t\t\t\t<\/div>\n\t\t\t\t<\/div>\n\t\t\t\t\t\t<\/div>\n\t\t\t\t\t<\/div>\n\t\t<\/div>\n\t\t\t\t\t\t\t\t<\/div>\n\t\t\t\t\t<\/div>\n\t\t<\/section>\n\t\t\t\t<section class=\"elementor-section elementor-top-section elementor-element elementor-element-5ac3bd43 elementor-section-boxed elementor-section-height-default elementor-section-height-default\" data-id=\"5ac3bd43\" data-element_type=\"section\" data-settings=\"{&quot;background_background&quot;:&quot;classic&quot;}\">\n\t\t\t\t\t\t<div class=\"elementor-container elementor-column-gap-default\">\n\t\t\t\t\t\t\t<div class=\"elementor-row\">\n\t\t\t\t\t<div class=\"elementor-column elementor-col-100 elementor-top-column elementor-element elementor-element-71cf3384\" data-id=\"71cf3384\" data-element_type=\"column\">\n\t\t\t<div class=\"elementor-column-wrap elementor-element-populated\">\n\t\t\t\t\t\t\t<div class=\"elementor-widget-wrap\">\n\t\t\t\t\t\t<div class=\"elementor-element elementor-element-332677b elementor-widget elementor-widget-text-editor\" data-id=\"332677b\" data-element_type=\"widget\" data-widget_type=\"text-editor.default\">\n\t\t\t\t<div class=\"elementor-widget-container\">\n\t\t\t\t\t\t\t\t<div class=\"elementor-text-editor elementor-clearfix\">\n\t\t\t\t<p style=\"text-align: right;\">Fuente:\u00a0https:\/\/www.mundoprimaria.com\/cuentos-clasicos-infantiles\/caperucita-roja\/<\/p>\t\t\t\t\t<\/div>\n\t\t\t\t\t\t<\/div>\n\t\t\t\t<\/div>\n\t\t\t\t<div class=\"elementor-element elementor-element-6e4ac73 elementor-widget elementor-widget-text-editor\" data-id=\"6e4ac73\" data-element_type=\"widget\" data-widget_type=\"text-editor.default\">\n\t\t\t\t<div class=\"elementor-widget-container\">\n\t\t\t\t\t\t\t\t<div class=\"elementor-text-editor elementor-clearfix\">\n\t\t\t\t<p style=\"text-align: right;\">Autor:\u00a0<span>Charles Perrault<\/span><\/p>\t\t\t\t\t<\/div>\n\t\t\t\t\t\t<\/div>\n\t\t\t\t<\/div>\n\t\t\t\t<div class=\"elementor-element elementor-element-5923c1e elementor-align-right elementor-widget elementor-widget-button\" data-id=\"5923c1e\" data-element_type=\"widget\" data-widget_type=\"button.default\">\n\t\t\t\t<div class=\"elementor-widget-container\">\n\t\t\t\t\t<div class=\"elementor-button-wrapper\">\n\t\t\t<a href=\"#inicio\" class=\"elementor-button-link elementor-button elementor-size-md\" role=\"button\">\n\t\t\t\t\t\t<span class=\"elementor-button-content-wrapper\">\n\t\t\t\t\t\t\t<span class=\"elementor-button-icon elementor-align-icon-left\">\n\t\t\t\t\t\t\t\t\t<i class=\"fa fa-arrow-circle-up\" aria-hidden=\"true\"><\/i>\n\t\t\t\t\t\t\t<\/span>\n\t\t\t\t\t\t<span class=\"elementor-button-text\"><\/span>\n\t\t<\/span>\n\t\t\t\t\t<\/a>\n\t\t<\/div>\n\t\t\t\t<\/div>\n\t\t\t\t<\/div>\n\t\t\t\t\t\t<\/div>\n\t\t\t\t\t<\/div>\n\t\t<\/div>\n\t\t\t\t\t\t\t\t<\/div>\n\t\t\t\t\t<\/div>\n\t\t<\/section>\n\t\t\t\t<section class=\"elementor-section elementor-top-section elementor-element elementor-element-5d237b66 elementor-section-boxed elementor-section-height-default elementor-section-height-default\" data-id=\"5d237b66\" data-element_type=\"section\" data-settings=\"{&quot;background_background&quot;:&quot;classic&quot;}\">\n\t\t\t\t\t\t<div class=\"elementor-container elementor-column-gap-default\">\n\t\t\t\t\t\t\t<div class=\"elementor-row\">\n\t\t\t\t\t<div class=\"elementor-column elementor-col-100 elementor-top-column elementor-element elementor-element-665d601a\" data-id=\"665d601a\" data-element_type=\"column\">\n\t\t\t<div class=\"elementor-column-wrap elementor-element-populated\">\n\t\t\t\t\t\t\t<div class=\"elementor-widget-wrap\">\n\t\t\t\t\t\t<div class=\"elementor-element elementor-element-75ac4081 elementor-widget elementor-widget-spacer\" data-id=\"75ac4081\" data-element_type=\"widget\" data-widget_type=\"spacer.default\">\n\t\t\t\t<div class=\"elementor-widget-container\">\n\t\t\t\t\t<div class=\"elementor-spacer\">\n\t\t\t<div class=\"elementor-spacer-inner\"><\/div>\n\t\t<\/div>\n\t\t\t\t<\/div>\n\t\t\t\t<\/div>\n\t\t\t\t\t\t<\/div>\n\t\t\t\t\t<\/div>\n\t\t<\/div>\n\t\t\t\t\t\t\t\t<\/div>\n\t\t\t\t\t<\/div>\n\t\t<\/section>\n\t\t\t\t\t\t\t\t\t<\/div>\n\t\t\t<\/div>\n\t\t\t\t\t<\/div>\n\t\t","protected":false},"excerpt":{"rendered":"<p>Volver La Cenicienta Adaptaci\u00f3n del cuento de Charles Perrault Hace muchos a\u00f1os, en un lejano pa\u00eds, hab\u00eda una preciosa muchacha de ojos verdes y rubia melena. Adem\u00e1s de bella, era una joven tierna que trataba a todo el mundo con amabilidad y siempre ten\u00eda una sonrisa en los labios. Viv\u00eda [&hellip;]<\/p>\n","protected":false},"author":1,"featured_media":0,"parent":0,"menu_order":0,"comment_status":"closed","ping_status":"closed","template":"elementor_canvas","meta":[],"_links":{"self":[{"href":"https:\/\/www.didacticaymatematicas.info\/SAI-content\/wp-json\/wp\/v2\/pages\/59"}],"collection":[{"href":"https:\/\/www.didacticaymatematicas.info\/SAI-content\/wp-json\/wp\/v2\/pages"}],"about":[{"href":"https:\/\/www.didacticaymatematicas.info\/SAI-content\/wp-json\/wp\/v2\/types\/page"}],"author":[{"embeddable":true,"href":"https:\/\/www.didacticaymatematicas.info\/SAI-content\/wp-json\/wp\/v2\/users\/1"}],"replies":[{"embeddable":true,"href":"https:\/\/www.didacticaymatematicas.info\/SAI-content\/wp-json\/wp\/v2\/comments?post=59"}],"version-history":[{"count":7,"href":"https:\/\/www.didacticaymatematicas.info\/SAI-content\/wp-json\/wp\/v2\/pages\/59\/revisions"}],"predecessor-version":[{"id":1622,"href":"https:\/\/www.didacticaymatematicas.info\/SAI-content\/wp-json\/wp\/v2\/pages\/59\/revisions\/1622"}],"wp:attachment":[{"href":"https:\/\/www.didacticaymatematicas.info\/SAI-content\/wp-json\/wp\/v2\/media?parent=59"}],"curies":[{"name":"wp","href":"https:\/\/api.w.org\/{rel}","templated":true}]}}