{"id":63,"date":"2018-01-23T21:00:21","date_gmt":"2018-01-23T21:00:21","guid":{"rendered":"http:\/\/www.didacticaymatematicas.info\/SAI-content\/?page_id=63"},"modified":"2018-06-29T16:47:49","modified_gmt":"2018-06-29T16:47:49","slug":"la-princesa-y-el-guisante","status":"publish","type":"page","link":"https:\/\/www.didacticaymatematicas.info\/SAI-content\/la-princesa-y-el-guisante\/","title":{"rendered":"Cuento-La-princesa-y-el-guisante"},"content":{"rendered":"\t\t<div data-elementor-type=\"wp-page\" data-elementor-id=\"63\" class=\"elementor elementor-63 elementor-bc-flex-widget\">\n\t\t\t\t\t\t<div class=\"elementor-inner\">\n\t\t\t\t<div class=\"elementor-section-wrap\">\n\t\t\t\t\t\t\t\t\t<section class=\"elementor-section elementor-top-section elementor-element elementor-element-45c88f31 elementor-section-boxed elementor-section-height-default elementor-section-height-default\" data-id=\"45c88f31\" data-element_type=\"section\" data-settings=\"{&quot;background_background&quot;:&quot;classic&quot;}\">\n\t\t\t\t\t\t<div class=\"elementor-container elementor-column-gap-default\">\n\t\t\t\t\t\t\t<div class=\"elementor-row\">\n\t\t\t\t\t<div class=\"elementor-column elementor-col-100 elementor-top-column elementor-element elementor-element-6a9f1a6f\" data-id=\"6a9f1a6f\" data-element_type=\"column\">\n\t\t\t<div class=\"elementor-column-wrap elementor-element-populated\">\n\t\t\t\t\t\t\t<div class=\"elementor-widget-wrap\">\n\t\t\t\t\t\t<div class=\"elementor-element elementor-element-2f4dfbea elementor-widget elementor-widget-menu-anchor\" data-id=\"2f4dfbea\" data-element_type=\"widget\" data-widget_type=\"menu-anchor.default\">\n\t\t\t\t<div class=\"elementor-widget-container\">\n\t\t\t\t\t<div id=\"inicio\" class=\"elementor-menu-anchor\"><\/div>\n\t\t\t\t<\/div>\n\t\t\t\t<\/div>\n\t\t\t\t<div class=\"elementor-element elementor-element-2816819e elementor-widget elementor-widget-spacer\" data-id=\"2816819e\" data-element_type=\"widget\" data-widget_type=\"spacer.default\">\n\t\t\t\t<div class=\"elementor-widget-container\">\n\t\t\t\t\t<div class=\"elementor-spacer\">\n\t\t\t<div class=\"elementor-spacer-inner\"><\/div>\n\t\t<\/div>\n\t\t\t\t<\/div>\n\t\t\t\t<\/div>\n\t\t\t\t<section class=\"elementor-section elementor-inner-section elementor-element elementor-element-60b57f36 elementor-section-boxed elementor-section-height-default elementor-section-height-default\" data-id=\"60b57f36\" data-element_type=\"section\">\n\t\t\t\t\t\t<div class=\"elementor-container elementor-column-gap-default\">\n\t\t\t\t\t\t\t<div class=\"elementor-row\">\n\t\t\t\t\t<div class=\"elementor-column elementor-col-50 elementor-inner-column elementor-element elementor-element-14b1a42e\" data-id=\"14b1a42e\" data-element_type=\"column\">\n\t\t\t<div class=\"elementor-column-wrap\">\n\t\t\t\t\t\t\t<div class=\"elementor-widget-wrap\">\n\t\t\t\t\t\t\t\t<\/div>\n\t\t\t\t\t<\/div>\n\t\t<\/div>\n\t\t\t\t<div class=\"elementor-column elementor-col-50 elementor-inner-column elementor-element elementor-element-8dccd50\" data-id=\"8dccd50\" data-element_type=\"column\">\n\t\t\t<div class=\"elementor-column-wrap elementor-element-populated\">\n\t\t\t\t\t\t\t<div class=\"elementor-widget-wrap\">\n\t\t\t\t\t\t<div class=\"elementor-element elementor-element-406fc72 elementor-widget elementor-widget-html\" data-id=\"406fc72\" data-element_type=\"widget\" data-widget_type=\"html.default\">\n\t\t\t\t<div class=\"elementor-widget-container\">\n\t\t\t<a href=\"javascript:history.back()\" style=\"color:#FFFF; font-size:15px;\" ><b>Volver<\/b><\/a>\t\t<\/div>\n\t\t\t\t<\/div>\n\t\t\t\t\t\t<\/div>\n\t\t\t\t\t<\/div>\n\t\t<\/div>\n\t\t\t\t\t\t\t\t<\/div>\n\t\t\t\t\t<\/div>\n\t\t<\/section>\n\t\t\t\t<div class=\"elementor-element elementor-element-63d4c8fe elementor-widget elementor-widget-spacer\" data-id=\"63d4c8fe\" data-element_type=\"widget\" data-widget_type=\"spacer.default\">\n\t\t\t\t<div class=\"elementor-widget-container\">\n\t\t\t\t\t<div class=\"elementor-spacer\">\n\t\t\t<div class=\"elementor-spacer-inner\"><\/div>\n\t\t<\/div>\n\t\t\t\t<\/div>\n\t\t\t\t<\/div>\n\t\t\t\t<div class=\"elementor-element elementor-element-58c106d9 elementor-widget elementor-widget-heading\" data-id=\"58c106d9\" data-element_type=\"widget\" data-widget_type=\"heading.default\">\n\t\t\t\t<div class=\"elementor-widget-container\">\n\t\t\t<h2 class=\"elementor-heading-title elementor-size-default\">La princesa y el guisante<\/h2>\t\t<\/div>\n\t\t\t\t<\/div>\n\t\t\t\t<div class=\"elementor-element elementor-element-86d3b24 elementor-widget elementor-widget-text-editor\" data-id=\"86d3b24\" data-element_type=\"widget\" data-widget_type=\"text-editor.default\">\n\t\t\t\t<div class=\"elementor-widget-container\">\n\t\t\t\t\t\t\t\t<div class=\"elementor-text-editor elementor-clearfix\">\n\t\t\t\t<p style=\"text-align: center;\"><span style=\"color: #ffffff;\">Adaptaci\u00f3n del cuento de Hans Christian Andersen<\/span><\/p>\t\t\t\t\t<\/div>\n\t\t\t\t\t\t<\/div>\n\t\t\t\t<\/div>\n\t\t\t\t<section class=\"elementor-section elementor-inner-section elementor-element elementor-element-e97a22e elementor-section-boxed elementor-section-height-default elementor-section-height-default\" data-id=\"e97a22e\" data-element_type=\"section\">\n\t\t\t\t\t\t<div class=\"elementor-container elementor-column-gap-default\">\n\t\t\t\t\t\t\t<div class=\"elementor-row\">\n\t\t\t\t\t<div class=\"elementor-column elementor-col-100 elementor-inner-column elementor-element elementor-element-2c43ac71\" data-id=\"2c43ac71\" data-element_type=\"column\">\n\t\t\t<div class=\"elementor-column-wrap elementor-element-populated\">\n\t\t\t\t\t\t\t<div class=\"elementor-widget-wrap\">\n\t\t\t\t\t\t<div class=\"elementor-element elementor-element-582c1ba5 elementor-widget elementor-widget-image\" data-id=\"582c1ba5\" data-element_type=\"widget\" data-widget_type=\"image.default\">\n\t\t\t\t<div class=\"elementor-widget-container\">\n\t\t\t\t\t\t\t\t<div class=\"elementor-image\">\n\t\t\t\t\t\t\t\t\t\t\t\t<img decoding=\"async\" width=\"277\" height=\"300\" src=\"https:\/\/www.didacticaymatematicas.info\/SAI-content\/wp-content\/uploads\/2018\/01\/laprincesayelguisante-277x300.png\" class=\"attachment-medium size-medium wp-image-230\" alt=\"\" loading=\"lazy\" srcset=\"https:\/\/www.didacticaymatematicas.info\/SAI-content\/wp-content\/uploads\/2018\/01\/laprincesayelguisante-277x300.png 277w, https:\/\/www.didacticaymatematicas.info\/SAI-content\/wp-content\/uploads\/2018\/01\/laprincesayelguisante.png 430w\" sizes=\"(max-width: 277px) 100vw, 277px\" \/>\t\t\t\t\t\t\t\t\t\t\t\t\t\t<\/div>\n\t\t\t\t\t\t<\/div>\n\t\t\t\t<\/div>\n\t\t\t\t\t\t<\/div>\n\t\t\t\t\t<\/div>\n\t\t<\/div>\n\t\t\t\t\t\t\t\t<\/div>\n\t\t\t\t\t<\/div>\n\t\t<\/section>\n\t\t\t\t<div class=\"elementor-element elementor-element-4a478c98 elementor-widget elementor-widget-spacer\" data-id=\"4a478c98\" data-element_type=\"widget\" data-widget_type=\"spacer.default\">\n\t\t\t\t<div class=\"elementor-widget-container\">\n\t\t\t\t\t<div class=\"elementor-spacer\">\n\t\t\t<div class=\"elementor-spacer-inner\"><\/div>\n\t\t<\/div>\n\t\t\t\t<\/div>\n\t\t\t\t<\/div>\n\t\t\t\t\t\t<\/div>\n\t\t\t\t\t<\/div>\n\t\t<\/div>\n\t\t\t\t\t\t\t\t<\/div>\n\t\t\t\t\t<\/div>\n\t\t<\/section>\n\t\t\t\t<section class=\"elementor-section elementor-top-section elementor-element elementor-element-1c1e5da7 elementor-section-boxed elementor-section-height-default elementor-section-height-default\" data-id=\"1c1e5da7\" data-element_type=\"section\" data-settings=\"{&quot;background_background&quot;:&quot;classic&quot;}\">\n\t\t\t\t\t\t<div class=\"elementor-container elementor-column-gap-default\">\n\t\t\t\t\t\t\t<div class=\"elementor-row\">\n\t\t\t\t\t<div class=\"elementor-column elementor-col-100 elementor-top-column elementor-element elementor-element-7d793170\" data-id=\"7d793170\" data-element_type=\"column\">\n\t\t\t<div class=\"elementor-column-wrap elementor-element-populated\">\n\t\t\t\t\t\t\t<div class=\"elementor-widget-wrap\">\n\t\t\t\t\t\t<div class=\"elementor-element elementor-element-6fa1fa elementor-widget elementor-widget-text-editor\" data-id=\"6fa1fa\" data-element_type=\"widget\" data-widget_type=\"text-editor.default\">\n\t\t\t\t<div class=\"elementor-widget-container\">\n\t\t\t\t\t\t\t\t<div class=\"elementor-text-editor elementor-clearfix\">\n\t\t\t\t<p>\u00c9rase una vez un apuesto pr\u00edncipe que ten\u00eda el sue\u00f1o de casarse con una princesa. En su reino hab\u00eda muchas mujeres hermosas e inteligentes, pero \u00e9l quer\u00eda que su futura mujer tuviera sangre azul, es decir, que fuera una princesa de verdad, hija de reyes y heredera de su propio reino. Hasta el momento no hab\u00eda tenido suerte, pero no perd\u00eda la esperanza de encontrarla alg\u00fan d\u00eda.<\/p><p>El pr\u00edncipe cumpl\u00eda con todas sus obligaciones diarias y era un buen hijo. Una de las cosas que m\u00e1s le gustaba hacer despu\u00e9s de cenar era quedarse un rato conversando con sus padres, los reyes, junto a la chimenea del gran sal\u00f3n del castillo. Al calorcito del fuego, los tres charlaban animadamente hasta altas horas de la madrugada.<\/p><p>Una noche de tormenta, mientras estaban en plena charla, alguien llam\u00f3 a la puerta. A todos les extra\u00f1\u00f3, pues la noche no era la m\u00e1s adecuada para estar a la intemperie.<\/p><p>\u2013 \u00bfQui\u00e9n ser\u00e1 a estas horas? \u2013 dijo el pr\u00edncipe, levantando las cejas y mirando a su madre con extra\u00f1eza \u2013 No esperamos visitas en una noche de truenos y rel\u00e1mpagos.<\/p><p>El rey se dirigi\u00f3 \u00e1gilmente hacia la entrada. A pesar de ser casi un anciano, su estado f\u00edsico y su salud eran realmente envidiables.<\/p><p>Cuando abri\u00f3 la puerta, su mand\u00edbula se desencaj\u00f3 por la sorpresa. Ante sus ojos estaba una joven bajo la lluvia. Su elegante vestido estaba totalmente empapado y de su pelo ca\u00edan chorros de agua. La pobre tiritaba de frio y casi no pod\u00eda hablar.<\/p><p>\u2013 Buenas noches, alteza. Me ha sorprendido una fuerte tormenta y me preguntaba si me dar\u00edan cobijo en su castillo esta noche \u2013 dijo la bella joven.<\/p><p>\u2013 \u00bfQui\u00e9n es usted, se\u00f1orita? \u2013 pregunt\u00f3 el rey.<\/p><p>\u2013 Soy una princesa de uno de los reinos vecinos, se\u00f1or \u2013 afirm\u00f3 la muchacha.<\/p><p>\u2013 Pase, no se quede ah\u00ed. En nuestro hogar encontrar\u00e1 calor y alimento.<\/p><p>Enseguida la reina se acerc\u00f3 y le dio toallas para secarse y ropa limpia que ponerse. El pr\u00edncipe se percat\u00f3 de lo hermosa que era en cuanto la vio, pero\u2026 \u00bfse tratar\u00eda de una verdadera princesa?<\/p><p>La reina, viendo c\u00f3mo el pr\u00edncipe la miraba embelesado, le dijo:<\/p><p>\u2013 Hijo m\u00edo, veo que esta chica es de tu agrado. Ciertamente es muy hermosa y parece culta y educada. Comprobaremos si es una princesa de verdad.<\/p><p>\u2013 \u00bfC\u00f3mo lo haremos, madre? No se me ocurre de qu\u00e9 manera podemos asegurarnos \u2013 dijo el pr\u00edncipe con perplejidad.<\/p><p>\u2013 Muy f\u00e1cil, querido hijo. Esta noche, debajo de su cama, pondremos un peque\u00f1o guisante. Si nota su presencia es que dice la verdad, ya que s\u00f3lo las verdaderas princesas tienen una sensibilidad tan grande.<\/p><p>Tal como hab\u00edan previsto, la joven se qued\u00f3 a dormir en el castillo. A la ma\u00f1ana siguiente, se reuni\u00f3 de nuevo con la familia real en el sal\u00f3n principal.<\/p><p>\u2013 Buenos d\u00edas, altezas \u2013 dijo la bella joven saludando con una peque\u00f1a reverencia.<\/p><p>\u2013 Buenos d\u00edas \u2013 contestaron todos a la vez.<\/p><p>La reina invit\u00f3 a la chica a sentarse con ellos a desayunar.<\/p><p>\u2013 \u00bfQu\u00e9 tal has dormido? \u00bfTe ha resultado c\u00f3moda la cama y todo ha sido de tu gusto? \u2013 le pregunt\u00f3.<\/p><p>\u2013 Pues si le digo la verdad, se\u00f1ora, he dormido fatal \u2013 se quej\u00f3 \u2013 Me he pasado la noche dando vueltas en la cama. Sent\u00eda algo duro que no me dejaba dormir y no pude descansar en toda la noche. F\u00edjese, se\u00f1ora, que hasta tengo moratones en la espalda y los brazos \u00a1No entiendo qu\u00e9 ha podido suceder!<\/p><p>La reina, sonriendo satisfecha, le cont\u00f3 la verdad.<\/p><p>\u2013 Sucede que debajo de tu colch\u00f3n puse un guisante para comprobar si eras realmente sensible. S\u00f3lo una aut\u00e9ntica princesa con delicada piel es capaz de notar la dureza de un peque\u00f1o guisante debajo de un colch\u00f3n. Ciertamente t\u00fa lo eres y estar\u00edamos encantados de que fueras la esposa de nuestro amado hijo.<\/p><p>La princesa se sonroj\u00f3. Tambi\u00e9n se hab\u00eda quedado prendada del apuesto heredero, as\u00ed que no dud\u00f3 ni un momento y dijo que s\u00ed. El pr\u00edncipe, que hab\u00eda recorrido medio mundo buscando a su princesa, al final la encontr\u00f3 en su propia casa.<\/p>\t\t\t\t\t<\/div>\n\t\t\t\t\t\t<\/div>\n\t\t\t\t<\/div>\n\t\t\t\t\t\t<\/div>\n\t\t\t\t\t<\/div>\n\t\t<\/div>\n\t\t\t\t\t\t\t\t<\/div>\n\t\t\t\t\t<\/div>\n\t\t<\/section>\n\t\t\t\t<section class=\"elementor-section elementor-top-section elementor-element elementor-element-3398e6f1 elementor-section-boxed elementor-section-height-default elementor-section-height-default\" data-id=\"3398e6f1\" data-element_type=\"section\" data-settings=\"{&quot;background_background&quot;:&quot;classic&quot;}\">\n\t\t\t\t\t\t<div class=\"elementor-container elementor-column-gap-default\">\n\t\t\t\t\t\t\t<div class=\"elementor-row\">\n\t\t\t\t\t<div class=\"elementor-column elementor-col-100 elementor-top-column elementor-element elementor-element-5d13215f\" data-id=\"5d13215f\" data-element_type=\"column\">\n\t\t\t<div class=\"elementor-column-wrap elementor-element-populated\">\n\t\t\t\t\t\t\t<div class=\"elementor-widget-wrap\">\n\t\t\t\t\t\t<div class=\"elementor-element elementor-element-42944cfd elementor-widget elementor-widget-text-editor\" data-id=\"42944cfd\" data-element_type=\"widget\" data-widget_type=\"text-editor.default\">\n\t\t\t\t<div class=\"elementor-widget-container\">\n\t\t\t\t\t\t\t\t<div class=\"elementor-text-editor elementor-clearfix\">\n\t\t\t\t<p style=\"text-align: right;\">Fuente:\u00a0https:\/\/www.mundoprimaria.com\/cuentos-clasicos-infantiles\/la-princesa-y-el-guisante<\/p>\t\t\t\t\t<\/div>\n\t\t\t\t\t\t<\/div>\n\t\t\t\t<\/div>\n\t\t\t\t<div class=\"elementor-element elementor-element-8295ac9 elementor-widget elementor-widget-text-editor\" data-id=\"8295ac9\" data-element_type=\"widget\" data-widget_type=\"text-editor.default\">\n\t\t\t\t<div class=\"elementor-widget-container\">\n\t\t\t\t\t\t\t\t<div class=\"elementor-text-editor elementor-clearfix\">\n\t\t\t\t<p style=\"text-align: right;\">Autor:\u00a0<span>Hans Christian Andersen<\/span><\/p>\t\t\t\t\t<\/div>\n\t\t\t\t\t\t<\/div>\n\t\t\t\t<\/div>\n\t\t\t\t<div class=\"elementor-element elementor-element-26f88aa8 elementor-align-right elementor-widget elementor-widget-button\" data-id=\"26f88aa8\" data-element_type=\"widget\" data-widget_type=\"button.default\">\n\t\t\t\t<div class=\"elementor-widget-container\">\n\t\t\t\t\t<div class=\"elementor-button-wrapper\">\n\t\t\t<a href=\"#inicio\" class=\"elementor-button-link elementor-button elementor-size-md\" role=\"button\">\n\t\t\t\t\t\t<span class=\"elementor-button-content-wrapper\">\n\t\t\t\t\t\t\t<span class=\"elementor-button-icon elementor-align-icon-left\">\n\t\t\t\t\t\t\t\t\t<i class=\"fa fa-arrow-circle-up\" aria-hidden=\"true\"><\/i>\n\t\t\t\t\t\t\t<\/span>\n\t\t\t\t\t\t<span class=\"elementor-button-text\"><\/span>\n\t\t<\/span>\n\t\t\t\t\t<\/a>\n\t\t<\/div>\n\t\t\t\t<\/div>\n\t\t\t\t<\/div>\n\t\t\t\t\t\t<\/div>\n\t\t\t\t\t<\/div>\n\t\t<\/div>\n\t\t\t\t\t\t\t\t<\/div>\n\t\t\t\t\t<\/div>\n\t\t<\/section>\n\t\t\t\t<section class=\"elementor-section elementor-top-section elementor-element elementor-element-7256a400 elementor-section-boxed elementor-section-height-default elementor-section-height-default\" data-id=\"7256a400\" data-element_type=\"section\" data-settings=\"{&quot;background_background&quot;:&quot;classic&quot;}\">\n\t\t\t\t\t\t<div class=\"elementor-container elementor-column-gap-default\">\n\t\t\t\t\t\t\t<div class=\"elementor-row\">\n\t\t\t\t\t<div class=\"elementor-column elementor-col-100 elementor-top-column elementor-element elementor-element-2fbc3e4d\" data-id=\"2fbc3e4d\" data-element_type=\"column\">\n\t\t\t<div class=\"elementor-column-wrap elementor-element-populated\">\n\t\t\t\t\t\t\t<div class=\"elementor-widget-wrap\">\n\t\t\t\t\t\t<div class=\"elementor-element elementor-element-711530a6 elementor-widget elementor-widget-spacer\" data-id=\"711530a6\" data-element_type=\"widget\" data-widget_type=\"spacer.default\">\n\t\t\t\t<div class=\"elementor-widget-container\">\n\t\t\t\t\t<div class=\"elementor-spacer\">\n\t\t\t<div class=\"elementor-spacer-inner\"><\/div>\n\t\t<\/div>\n\t\t\t\t<\/div>\n\t\t\t\t<\/div>\n\t\t\t\t\t\t<\/div>\n\t\t\t\t\t<\/div>\n\t\t<\/div>\n\t\t\t\t\t\t\t\t<\/div>\n\t\t\t\t\t<\/div>\n\t\t<\/section>\n\t\t\t\t\t\t\t\t\t<\/div>\n\t\t\t<\/div>\n\t\t\t\t\t<\/div>\n\t\t","protected":false},"excerpt":{"rendered":"<p>Volver La princesa y el guisante Adaptaci\u00f3n del cuento de Hans Christian Andersen \u00c9rase una vez un apuesto pr\u00edncipe que ten\u00eda el sue\u00f1o de casarse con una princesa. En su reino hab\u00eda muchas mujeres hermosas e inteligentes, pero \u00e9l quer\u00eda que su futura mujer tuviera sangre azul, es decir, que [&hellip;]<\/p>\n","protected":false},"author":1,"featured_media":0,"parent":0,"menu_order":0,"comment_status":"closed","ping_status":"closed","template":"elementor_canvas","meta":[],"_links":{"self":[{"href":"https:\/\/www.didacticaymatematicas.info\/SAI-content\/wp-json\/wp\/v2\/pages\/63"}],"collection":[{"href":"https:\/\/www.didacticaymatematicas.info\/SAI-content\/wp-json\/wp\/v2\/pages"}],"about":[{"href":"https:\/\/www.didacticaymatematicas.info\/SAI-content\/wp-json\/wp\/v2\/types\/page"}],"author":[{"embeddable":true,"href":"https:\/\/www.didacticaymatematicas.info\/SAI-content\/wp-json\/wp\/v2\/users\/1"}],"replies":[{"embeddable":true,"href":"https:\/\/www.didacticaymatematicas.info\/SAI-content\/wp-json\/wp\/v2\/comments?post=63"}],"version-history":[{"count":8,"href":"https:\/\/www.didacticaymatematicas.info\/SAI-content\/wp-json\/wp\/v2\/pages\/63\/revisions"}],"predecessor-version":[{"id":1623,"href":"https:\/\/www.didacticaymatematicas.info\/SAI-content\/wp-json\/wp\/v2\/pages\/63\/revisions\/1623"}],"wp:attachment":[{"href":"https:\/\/www.didacticaymatematicas.info\/SAI-content\/wp-json\/wp\/v2\/media?parent=63"}],"curies":[{"name":"wp","href":"https:\/\/api.w.org\/{rel}","templated":true}]}}