{"id":71,"date":"2018-01-23T21:49:33","date_gmt":"2018-01-23T21:49:33","guid":{"rendered":"http:\/\/www.didacticaymatematicas.info\/SAI-content\/?page_id=71"},"modified":"2018-06-29T16:40:16","modified_gmt":"2018-06-29T16:40:16","slug":"cuento-el-gato-con-botas","status":"publish","type":"page","link":"https:\/\/www.didacticaymatematicas.info\/SAI-content\/cuento-el-gato-con-botas\/","title":{"rendered":"Cuento-El-gato-con-botas"},"content":{"rendered":"\t\t<div data-elementor-type=\"wp-page\" data-elementor-id=\"71\" class=\"elementor elementor-71 elementor-bc-flex-widget\">\n\t\t\t\t\t\t<div class=\"elementor-inner\">\n\t\t\t\t<div class=\"elementor-section-wrap\">\n\t\t\t\t\t\t\t\t\t<section class=\"elementor-section elementor-top-section elementor-element elementor-element-6fe60932 elementor-section-boxed elementor-section-height-default elementor-section-height-default\" data-id=\"6fe60932\" data-element_type=\"section\" data-settings=\"{&quot;background_background&quot;:&quot;classic&quot;}\">\n\t\t\t\t\t\t<div class=\"elementor-container elementor-column-gap-default\">\n\t\t\t\t\t\t\t<div class=\"elementor-row\">\n\t\t\t\t\t<div class=\"elementor-column elementor-col-100 elementor-top-column elementor-element elementor-element-727cf86\" data-id=\"727cf86\" data-element_type=\"column\">\n\t\t\t<div class=\"elementor-column-wrap elementor-element-populated\">\n\t\t\t\t\t\t\t<div class=\"elementor-widget-wrap\">\n\t\t\t\t\t\t<div class=\"elementor-element elementor-element-504b1041 elementor-widget elementor-widget-menu-anchor\" data-id=\"504b1041\" data-element_type=\"widget\" data-widget_type=\"menu-anchor.default\">\n\t\t\t\t<div class=\"elementor-widget-container\">\n\t\t\t\t\t<div id=\"inicio\" class=\"elementor-menu-anchor\"><\/div>\n\t\t\t\t<\/div>\n\t\t\t\t<\/div>\n\t\t\t\t<div class=\"elementor-element elementor-element-7b3f483c elementor-widget elementor-widget-spacer\" data-id=\"7b3f483c\" data-element_type=\"widget\" data-widget_type=\"spacer.default\">\n\t\t\t\t<div class=\"elementor-widget-container\">\n\t\t\t\t\t<div class=\"elementor-spacer\">\n\t\t\t<div class=\"elementor-spacer-inner\"><\/div>\n\t\t<\/div>\n\t\t\t\t<\/div>\n\t\t\t\t<\/div>\n\t\t\t\t<section class=\"elementor-section elementor-inner-section elementor-element elementor-element-66ddca52 elementor-section-boxed elementor-section-height-default elementor-section-height-default\" data-id=\"66ddca52\" data-element_type=\"section\">\n\t\t\t\t\t\t<div class=\"elementor-container elementor-column-gap-default\">\n\t\t\t\t\t\t\t<div class=\"elementor-row\">\n\t\t\t\t\t<div class=\"elementor-column elementor-col-50 elementor-inner-column elementor-element elementor-element-45fd2085\" data-id=\"45fd2085\" data-element_type=\"column\">\n\t\t\t<div class=\"elementor-column-wrap\">\n\t\t\t\t\t\t\t<div class=\"elementor-widget-wrap\">\n\t\t\t\t\t\t\t\t<\/div>\n\t\t\t\t\t<\/div>\n\t\t<\/div>\n\t\t\t\t<div class=\"elementor-column elementor-col-50 elementor-inner-column elementor-element elementor-element-59cbcbf3\" data-id=\"59cbcbf3\" data-element_type=\"column\">\n\t\t\t<div class=\"elementor-column-wrap elementor-element-populated\">\n\t\t\t\t\t\t\t<div class=\"elementor-widget-wrap\">\n\t\t\t\t\t\t<div class=\"elementor-element elementor-element-9d2e2b8 elementor-widget elementor-widget-html\" data-id=\"9d2e2b8\" data-element_type=\"widget\" data-widget_type=\"html.default\">\n\t\t\t\t<div class=\"elementor-widget-container\">\n\t\t\t<a href=\"javascript:history.back()\" style=\"color:#FFFF; font-size:15px;\" ><b>Volver<\/b><\/a>\t\t<\/div>\n\t\t\t\t<\/div>\n\t\t\t\t\t\t<\/div>\n\t\t\t\t\t<\/div>\n\t\t<\/div>\n\t\t\t\t\t\t\t\t<\/div>\n\t\t\t\t\t<\/div>\n\t\t<\/section>\n\t\t\t\t<div class=\"elementor-element elementor-element-212b9ec8 elementor-widget elementor-widget-spacer\" data-id=\"212b9ec8\" data-element_type=\"widget\" data-widget_type=\"spacer.default\">\n\t\t\t\t<div class=\"elementor-widget-container\">\n\t\t\t\t\t<div class=\"elementor-spacer\">\n\t\t\t<div class=\"elementor-spacer-inner\"><\/div>\n\t\t<\/div>\n\t\t\t\t<\/div>\n\t\t\t\t<\/div>\n\t\t\t\t<div class=\"elementor-element elementor-element-628090f3 elementor-widget elementor-widget-heading\" data-id=\"628090f3\" data-element_type=\"widget\" data-widget_type=\"heading.default\">\n\t\t\t\t<div class=\"elementor-widget-container\">\n\t\t\t<h2 class=\"elementor-heading-title elementor-size-default\">El gato con botas<\/h2>\t\t<\/div>\n\t\t\t\t<\/div>\n\t\t\t\t<div class=\"elementor-element elementor-element-a6a6e7b elementor-widget elementor-widget-text-editor\" data-id=\"a6a6e7b\" data-element_type=\"widget\" data-widget_type=\"text-editor.default\">\n\t\t\t\t<div class=\"elementor-widget-container\">\n\t\t\t\t\t\t\t\t<div class=\"elementor-text-editor elementor-clearfix\">\n\t\t\t\t<p style=\"text-align: center;\"><strong><span style=\"color: #ffffff;\">Adaptaci\u00f3n del cuento de los Hermanos Grimm<\/span> <\/strong><\/p>\t\t\t\t\t<\/div>\n\t\t\t\t\t\t<\/div>\n\t\t\t\t<\/div>\n\t\t\t\t<section class=\"elementor-section elementor-inner-section elementor-element elementor-element-516efac8 elementor-section-boxed elementor-section-height-default elementor-section-height-default\" data-id=\"516efac8\" data-element_type=\"section\">\n\t\t\t\t\t\t<div class=\"elementor-container elementor-column-gap-default\">\n\t\t\t\t\t\t\t<div class=\"elementor-row\">\n\t\t\t\t\t<div class=\"elementor-column elementor-col-100 elementor-inner-column elementor-element elementor-element-88178a8\" data-id=\"88178a8\" data-element_type=\"column\">\n\t\t\t<div class=\"elementor-column-wrap elementor-element-populated\">\n\t\t\t\t\t\t\t<div class=\"elementor-widget-wrap\">\n\t\t\t\t\t\t<div class=\"elementor-element elementor-element-750316f1 elementor-widget elementor-widget-image\" data-id=\"750316f1\" data-element_type=\"widget\" data-widget_type=\"image.default\">\n\t\t\t\t<div class=\"elementor-widget-container\">\n\t\t\t\t\t\t\t\t<div class=\"elementor-image\">\n\t\t\t\t\t\t\t\t\t\t\t\t<img decoding=\"async\" width=\"300\" height=\"300\" src=\"https:\/\/www.didacticaymatematicas.info\/SAI-content\/wp-content\/uploads\/2018\/01\/gato.png\" class=\"attachment-medium size-medium wp-image-252\" alt=\"\" loading=\"lazy\" srcset=\"https:\/\/www.didacticaymatematicas.info\/SAI-content\/wp-content\/uploads\/2018\/01\/gato.png 300w, https:\/\/www.didacticaymatematicas.info\/SAI-content\/wp-content\/uploads\/2018\/01\/gato-150x150.png 150w\" sizes=\"(max-width: 300px) 100vw, 300px\" \/>\t\t\t\t\t\t\t\t\t\t\t\t\t\t<\/div>\n\t\t\t\t\t\t<\/div>\n\t\t\t\t<\/div>\n\t\t\t\t\t\t<\/div>\n\t\t\t\t\t<\/div>\n\t\t<\/div>\n\t\t\t\t\t\t\t\t<\/div>\n\t\t\t\t\t<\/div>\n\t\t<\/section>\n\t\t\t\t<div class=\"elementor-element elementor-element-1f7cbb3a elementor-widget elementor-widget-spacer\" data-id=\"1f7cbb3a\" data-element_type=\"widget\" data-widget_type=\"spacer.default\">\n\t\t\t\t<div class=\"elementor-widget-container\">\n\t\t\t\t\t<div class=\"elementor-spacer\">\n\t\t\t<div class=\"elementor-spacer-inner\"><\/div>\n\t\t<\/div>\n\t\t\t\t<\/div>\n\t\t\t\t<\/div>\n\t\t\t\t\t\t<\/div>\n\t\t\t\t\t<\/div>\n\t\t<\/div>\n\t\t\t\t\t\t\t\t<\/div>\n\t\t\t\t\t<\/div>\n\t\t<\/section>\n\t\t\t\t<section class=\"elementor-section elementor-top-section elementor-element elementor-element-63e8d2b2 elementor-section-boxed elementor-section-height-default elementor-section-height-default\" data-id=\"63e8d2b2\" data-element_type=\"section\" data-settings=\"{&quot;background_background&quot;:&quot;classic&quot;}\">\n\t\t\t\t\t\t<div class=\"elementor-container elementor-column-gap-default\">\n\t\t\t\t\t\t\t<div class=\"elementor-row\">\n\t\t\t\t\t<div class=\"elementor-column elementor-col-100 elementor-top-column elementor-element elementor-element-38469c96\" data-id=\"38469c96\" data-element_type=\"column\">\n\t\t\t<div class=\"elementor-column-wrap elementor-element-populated\">\n\t\t\t\t\t\t\t<div class=\"elementor-widget-wrap\">\n\t\t\t\t\t\t<div class=\"elementor-element elementor-element-6838774 elementor-widget elementor-widget-text-editor\" data-id=\"6838774\" data-element_type=\"widget\" data-widget_type=\"text-editor.default\">\n\t\t\t\t<div class=\"elementor-widget-container\">\n\t\t\t\t\t\t\t\t<div class=\"elementor-text-editor elementor-clearfix\">\n\t\t\t\t<p>\u00c9rase una vez un molinero que ten\u00eda tres hijos. El hombre era muy pobre y casi no ten\u00eda bienes para dejarles en herencia. Al hijo mayor le leg\u00f3 su viejo molino, al mediano un asno y al peque\u00f1o, un gato.<\/p><p>El menor de los chicos se lamentaba ante sus hermanos por lo poco que le hab\u00eda correspondido.<\/p><p>\u2013 Vosotros hab\u00e9is tenido m\u00e1s suerte que yo. El molino muele trigo para hacer panes y tortas y el asno ayuda en las faenas del campo, pero \u00bfqu\u00e9 puedo hacer yo con un simple gato?<\/p><p>El gato escuch\u00f3 las quejas de su nuevo amo y acerc\u00e1ndose a \u00e9l le dijo:<\/p><p>\u2013 No te equivoques conmigo. Creo que puedo serte m\u00e1s \u00fatil de lo que piensas y muy pronto te lo demostrar\u00e9. Dame una bolsa, un abrigo elegante y unas botas de mi talla, que yo me encargo de todo.<\/p><p>El joven le regal\u00f3 lo que le ped\u00eda porque al fin y al cabo no era mucho y el gato puso en marcha su plan. Como todo minino que se precie, era muy h\u00e1bil cazando y no le cost\u00f3 mucho esfuerzo atrapar un par de conejos que meti\u00f3 en el saquito. El abrigo nuevo y las botas de terciopelo le proporcionaban un porte distinguido, as\u00ed que muy seguro de s\u00ed mismo se dirigi\u00f3 al palacio real y consigui\u00f3 ser recibido por el rey.<\/p><p>\u2013 Majestad, mi amo el Marqu\u00e9s de Carab\u00e1s le env\u00eda estos conejos \u2013 minti\u00f3 el gato.<\/p><p>\u2013 \u00a1Oh, muchas gracias! \u2013 respondi\u00f3 el monarca \u2013 Dile a tu due\u00f1o que le agradezco mucho este obsequio.<\/p><p>El gato regres\u00f3 a casa satisfecho y partir de entonces, cada semana acudi\u00f3 al palacio a entregarle presentes al rey de parte del supuesto Marqu\u00e9s de Carab\u00e1s. Le llevaba un saco de patatas, unas suculentas perdices, flores para embellecer los lujosos salones reales\u2026 El rey se sent\u00eda halagado con tantas atenciones e intrigado por saber qui\u00e9n era ese Marqu\u00e9s de Carab\u00e1s que tantos regalos le enviaba mediante su espabilado gato.<\/p><p>Un d\u00eda, estando el gato con su amo en el bosque, vio que la carroza real pasaba por el camino que bordeaba el r\u00edo.<\/p><p>\u2013 \u00a1R\u00e1pido, r\u00e1pido! \u2013 le dijo el gato al joven \u2013 \u00a1Qu\u00edtate la ropa, t\u00edrate al agua y finge que no sabes nadar y te est\u00e1s ahogando!<\/p><p>El hijo del molinero no entend\u00eda nada pero pens\u00f3 que no ten\u00eda nada que perder y se lanz\u00f3 al r\u00edo \u00a1El agua estaba helada! Mientras tanto, el astuto gato escondi\u00f3 las prendas del chico y cuando la carroza estuvo lo suficientemente cerca, comenz\u00f3 a gritar.<\/p><p>\u2013 \u00a1Socorro! \u00a1Socorro! \u00a1Mi amo el Marqu\u00e9s de Carab\u00e1s no sabe nadar! \u00a1Ay\u00fadenme!<\/p><p>El rey mand\u00f3 parar al cochero y sus criados rescataron al muchacho \u00a1Era lo menos que pod\u00eda hacer por ese hombre tan detallista que le hab\u00eda colmado de regalos!<\/p><p>Cuando estuvo a salvo, el gato minti\u00f3 de nuevo.<\/p><p>\u2013 \u00a1Sus ropas no est\u00e1n! \u00a1Con toda esta confusi\u00f3n han debido de robarlas unos ladrones!<\/p><p>\u2013 No te preocupes \u2013 dijo el rey al gato \u2013 Le cubriremos con una manta para que no pase fr\u00edo y ahora mismo env\u00edo a mis criados a por ropa digna de un caballero como \u00e9l.<\/p><p>Dicho y hecho. Los criados le trajeron elegantes prendas de seda y unos c\u00f3modos zapatos de piel que al hijo del molinero le hicieron sentirse como un verdadero se\u00f1or. El gato, con voz pomposa, habl\u00f3 con seguridad una vez m\u00e1s.<\/p><p>\u2013 Mi amo y yo quisi\u00e9ramos agradecerles todo lo que acaban de hacer por nosotros. Por favor, vengan a conocer nuestras tierras y nuestro hogar.<\/p><p>\u2013 Ser\u00e1 un placer. Mi hija nos acompa\u00f1ar\u00e1 \u2013 afirm\u00f3 el rey se\u00f1alando a una preciosa muchacha que asomaba su cabeza de rubia cabellera por la ventana de la carroza.<\/p><p>El falso Marqu\u00e9s de Carab\u00e1s se gir\u00f3 para mirarla. Como era de esperar, se qued\u00f3 prendado de ella en cuanto la vio, clavando su mirada sobre sus bellos ojos verdes. La joven, ruborizada, le correspondi\u00f3 con una dulce sonrisa que mostraba unos dientes tan blancos como perlas marinas.<\/p><p>\u2013 Si le parece bien, mi amo ir\u00e1 con ustedes en el carruaje. Mientras, yo me adelantar\u00e9 para comprobar que todo est\u00e9 en orden en nuestras propiedades.<\/p><p>El amo subi\u00f3 a la carroza de manera obediente, dej\u00e1ndose llevar por la inventiva del gato. Mientras, \u00e9ste ech\u00f3 a correr y lleg\u00f3 a unas ricas y extensas tierras que evidentemente no eran de su due\u00f1o, sino de un ogro que viv\u00eda en la comarca. Por all\u00ed se encontr\u00f3 a unos cuantos campesinos que labraban la tierra. Con cara seria y gesto autoritario les dijo:<\/p><p>\u2013 Cuando ve\u00e1is al rey ten\u00e9is que decirle que estos terrenos son del Marqu\u00e9s de Carab\u00e1s \u00bfentendido? A cambio os dar\u00e9 una recompensa.<\/p><p>Los campesinos aceptaron y cuando pas\u00f3 el rey por all\u00ed y les pregunt\u00f3 a qui\u00e9n pertenec\u00edan esos campos tan bien cuidados, le dijeron que eran de su buen amo el Marqu\u00e9s de Carab\u00e1s.<\/p><p>El gato, mientras tanto, ya hab\u00eda llegado al castillo. Ten\u00eda que conseguir que el ogro desapareciera para que su amo pudiera quedarse como due\u00f1o y se\u00f1or de todo. Llam\u00f3 a la puerta y se present\u00f3 como un viajero de paso que ven\u00eda a presentarle sus respetos. Se sorprendi\u00f3 de que, a pesar de ser un ogro, tuviera un castillo tan elegante.<\/p><p>\u2013 Se\u00f1or ogro \u2013 le dijo el gato \u2013 Es conocido en todo el reino que usted tiene poderes. Me han contado que posee la habilidad de convertirse en lo que quiera.<\/p><p>\u2013 Has o\u00eddo bien \u2013 contest\u00f3 el gigante \u2013 Ahora ver\u00e1s de lo que soy capaz.<\/p><p>Y como por arte de magia, el ogro se convirti\u00f3 en un le\u00f3n. El gato se hizo el sorprendido y aplaudi\u00f3 para halagarle.<\/p><p>\u2013 \u00a1Incre\u00edble! \u00a1Nunca hab\u00eda visto nada igual! Me pregunto si es capaz de convertirse usted en un animal peque\u00f1o, por ejemplo, un ratoncito.<\/p><p>\u2013 \u00bfAcaso dudas de mis poderes? \u00a1Observa con atenci\u00f3n! \u2013 Y el ogro, orgulloso de mostrarle todo lo que pod\u00eda hacer, se transform\u00f3 en un rat\u00f3n.<\/p><p>\u00a1S\u00ed! \u00a1Lo hab\u00eda conseguido! El ogro ya era una presa f\u00e1cil para \u00e9l. De un salto se abalanz\u00f3 sobre el animalillo y se lo zamp\u00f3 sin que al pobre le diera tiempo ni a pesta\u00f1ear.<\/p><p>Como hab\u00eda planeado, ya no hab\u00eda ogro y el castillo se hab\u00eda quedado sin due\u00f1o, as\u00ed que cuando llamaron a la puerta, el gato sali\u00f3 a recibir a su amo, al rey y a la princesa.<\/p><p>\u2013 Sea bienvenido a su casa, se\u00f1or Marqu\u00e9s de Carab\u00e1s. Es un honor para nosotros tener aqu\u00ed a su alteza y a su hermosa hija. Pasen al sal\u00f3n de invitados. La cena est\u00e1 servida \u2013 exclam\u00f3 solemnemente el gato al tiempo que hac\u00eda una reverencia.<\/p><p>Todos entraron y disfrutaron de una maravillosa velada a la luz de las velas. Al t\u00e9rmino, el rey, impresionado por lo educado que era el Marqu\u00e9s de Carab\u00e1s y deslumbrado por todas sus riquezas y posesiones, dio su consentimiento para que se casara con la princesa.<\/p><p>Y as\u00ed es como termina la historia del hijo del molinero, que alcanz\u00f3 la dicha m\u00e1s completa gracias a un simple pero ingenioso gato que en herencia le dej\u00f3 su padre.<\/p>\t\t\t\t\t<\/div>\n\t\t\t\t\t\t<\/div>\n\t\t\t\t<\/div>\n\t\t\t\t\t\t<\/div>\n\t\t\t\t\t<\/div>\n\t\t<\/div>\n\t\t\t\t\t\t\t\t<\/div>\n\t\t\t\t\t<\/div>\n\t\t<\/section>\n\t\t\t\t<section class=\"elementor-section elementor-top-section elementor-element elementor-element-60925cd9 elementor-section-boxed elementor-section-height-default elementor-section-height-default\" data-id=\"60925cd9\" data-element_type=\"section\" data-settings=\"{&quot;background_background&quot;:&quot;classic&quot;}\">\n\t\t\t\t\t\t<div class=\"elementor-container elementor-column-gap-default\">\n\t\t\t\t\t\t\t<div class=\"elementor-row\">\n\t\t\t\t\t<div class=\"elementor-column elementor-col-100 elementor-top-column elementor-element elementor-element-2d5e98d3\" data-id=\"2d5e98d3\" data-element_type=\"column\">\n\t\t\t<div class=\"elementor-column-wrap elementor-element-populated\">\n\t\t\t\t\t\t\t<div class=\"elementor-widget-wrap\">\n\t\t\t\t\t\t<div class=\"elementor-element elementor-element-33ffe2a0 elementor-widget elementor-widget-text-editor\" data-id=\"33ffe2a0\" data-element_type=\"widget\" data-widget_type=\"text-editor.default\">\n\t\t\t\t<div class=\"elementor-widget-container\">\n\t\t\t\t\t\t\t\t<div class=\"elementor-text-editor elementor-clearfix\">\n\t\t\t\t<p style=\"text-align: right;\">Fuente:\u00a0https:\/\/www.mundoprimaria.com\/cuentos-clasicos-infantiles\/el-gato-con-botas<\/p>\t\t\t\t\t<\/div>\n\t\t\t\t\t\t<\/div>\n\t\t\t\t<\/div>\n\t\t\t\t<div class=\"elementor-element elementor-element-138ee8e elementor-widget elementor-widget-text-editor\" data-id=\"138ee8e\" data-element_type=\"widget\" data-widget_type=\"text-editor.default\">\n\t\t\t\t<div class=\"elementor-widget-container\">\n\t\t\t\t\t\t\t\t<div class=\"elementor-text-editor elementor-clearfix\">\n\t\t\t\t<p style=\"text-align: right;\">Autor:\u00a0<span>Charles Perrault<\/span><\/p>\t\t\t\t\t<\/div>\n\t\t\t\t\t\t<\/div>\n\t\t\t\t<\/div>\n\t\t\t\t<div class=\"elementor-element elementor-element-4b612f06 elementor-align-right elementor-widget elementor-widget-button\" data-id=\"4b612f06\" data-element_type=\"widget\" data-widget_type=\"button.default\">\n\t\t\t\t<div class=\"elementor-widget-container\">\n\t\t\t\t\t<div class=\"elementor-button-wrapper\">\n\t\t\t<a href=\"#inicio\" class=\"elementor-button-link elementor-button elementor-size-md\" role=\"button\">\n\t\t\t\t\t\t<span class=\"elementor-button-content-wrapper\">\n\t\t\t\t\t\t\t<span class=\"elementor-button-icon elementor-align-icon-left\">\n\t\t\t\t\t\t\t\t\t<i class=\"fa fa-arrow-circle-up\" aria-hidden=\"true\"><\/i>\n\t\t\t\t\t\t\t<\/span>\n\t\t\t\t\t\t<span class=\"elementor-button-text\"><\/span>\n\t\t<\/span>\n\t\t\t\t\t<\/a>\n\t\t<\/div>\n\t\t\t\t<\/div>\n\t\t\t\t<\/div>\n\t\t\t\t\t\t<\/div>\n\t\t\t\t\t<\/div>\n\t\t<\/div>\n\t\t\t\t\t\t\t\t<\/div>\n\t\t\t\t\t<\/div>\n\t\t<\/section>\n\t\t\t\t<section class=\"elementor-section elementor-top-section elementor-element elementor-element-6f53ee74 elementor-section-boxed elementor-section-height-default elementor-section-height-default\" data-id=\"6f53ee74\" data-element_type=\"section\" data-settings=\"{&quot;background_background&quot;:&quot;classic&quot;}\">\n\t\t\t\t\t\t<div class=\"elementor-container elementor-column-gap-default\">\n\t\t\t\t\t\t\t<div class=\"elementor-row\">\n\t\t\t\t\t<div class=\"elementor-column elementor-col-100 elementor-top-column elementor-element elementor-element-27d77c88\" data-id=\"27d77c88\" data-element_type=\"column\">\n\t\t\t<div class=\"elementor-column-wrap elementor-element-populated\">\n\t\t\t\t\t\t\t<div class=\"elementor-widget-wrap\">\n\t\t\t\t\t\t<div class=\"elementor-element elementor-element-3be81a23 elementor-widget elementor-widget-spacer\" data-id=\"3be81a23\" data-element_type=\"widget\" data-widget_type=\"spacer.default\">\n\t\t\t\t<div class=\"elementor-widget-container\">\n\t\t\t\t\t<div class=\"elementor-spacer\">\n\t\t\t<div class=\"elementor-spacer-inner\"><\/div>\n\t\t<\/div>\n\t\t\t\t<\/div>\n\t\t\t\t<\/div>\n\t\t\t\t\t\t<\/div>\n\t\t\t\t\t<\/div>\n\t\t<\/div>\n\t\t\t\t\t\t\t\t<\/div>\n\t\t\t\t\t<\/div>\n\t\t<\/section>\n\t\t\t\t\t\t\t\t\t<\/div>\n\t\t\t<\/div>\n\t\t\t\t\t<\/div>\n\t\t","protected":false},"excerpt":{"rendered":"<p>Volver El gato con botas Adaptaci\u00f3n del cuento de los Hermanos Grimm \u00c9rase una vez un molinero que ten\u00eda tres hijos. El hombre era muy pobre y casi no ten\u00eda bienes para dejarles en herencia. Al hijo mayor le leg\u00f3 su viejo molino, al mediano un asno y al peque\u00f1o, [&hellip;]<\/p>\n","protected":false},"author":1,"featured_media":0,"parent":0,"menu_order":0,"comment_status":"closed","ping_status":"closed","template":"elementor_canvas","meta":[],"_links":{"self":[{"href":"https:\/\/www.didacticaymatematicas.info\/SAI-content\/wp-json\/wp\/v2\/pages\/71"}],"collection":[{"href":"https:\/\/www.didacticaymatematicas.info\/SAI-content\/wp-json\/wp\/v2\/pages"}],"about":[{"href":"https:\/\/www.didacticaymatematicas.info\/SAI-content\/wp-json\/wp\/v2\/types\/page"}],"author":[{"embeddable":true,"href":"https:\/\/www.didacticaymatematicas.info\/SAI-content\/wp-json\/wp\/v2\/users\/1"}],"replies":[{"embeddable":true,"href":"https:\/\/www.didacticaymatematicas.info\/SAI-content\/wp-json\/wp\/v2\/comments?post=71"}],"version-history":[{"count":5,"href":"https:\/\/www.didacticaymatematicas.info\/SAI-content\/wp-json\/wp\/v2\/pages\/71\/revisions"}],"predecessor-version":[{"id":1618,"href":"https:\/\/www.didacticaymatematicas.info\/SAI-content\/wp-json\/wp\/v2\/pages\/71\/revisions\/1618"}],"wp:attachment":[{"href":"https:\/\/www.didacticaymatematicas.info\/SAI-content\/wp-json\/wp\/v2\/media?parent=71"}],"curies":[{"name":"wp","href":"https:\/\/api.w.org\/{rel}","templated":true}]}}